{"id":91,"date":"2019-06-14T14:12:20","date_gmt":"2019-06-14T12:12:20","guid":{"rendered":"https:\/\/cbanetzke.de\/sl-wr\/?page_id=91"},"modified":"2019-07-30T11:05:32","modified_gmt":"2019-07-30T09:05:32","slug":"impressum","status":"publish","type":"page","link":"https:\/\/hellste-led-lampe-der-welt.de\/index.php\/impressum\/","title":{"rendered":"Impressum"},"content":{"rendered":"<div class=\"wpb-content-wrapper\"><p>[vc_row css_animation=&#8220;&#8220; row_type=&#8220;row&#8220; use_row_as_full_screen_section=&#8220;no&#8220; type=&#8220;grid&#8220; angled_section=&#8220;no&#8220; text_align=&#8220;left&#8220; background_image_as_pattern=&#8220;without_pattern&#8220; z_index=&#8220;&#8220; css=&#8220;.vc_custom_1550241996942{margin-top: 2em !important;margin-bottom: 2em !important;}&#8220;][vc_column][vc_column_text]<\/p>\n<h2>Impressum<\/h2>\n<p>[\/vc_column_text][vc_empty_space][vc_column_text]silence lights.\u00ae GmbH<br \/>\nLandwehr 8<br \/>\n64823 Gro\u00df-Umstadt<br \/>\nTelefon: +49 (6078) 93800 0<br \/>\nTelefax: +49 (6078) 93800 29<br \/>\nE-Mail:\u00a0<a href=\"mailto:info@silence-lights.de\">info@silence-lights.de<\/a><br \/>\nInternet:\u00a0<a href=\"https:\/\/silence-lights.de\/impressum\/www.silence-lights.de\">www.silence-lights.de<\/a><\/p>\n<p>&nbsp;<\/p>\n<p>Gesch\u00e4ftsf\u00fchrer:<br \/>\nRen\u00e9 Haschert und Andreas Jakob<\/p>\n<p>&nbsp;<\/p>\n<p>Handelsregistereintrag:<br \/>\nAmtsgericht Darmstadt HRB 93147<\/p>\n<p>&nbsp;<\/p>\n<p>WEEE-Reg.-Nr.:<br \/>\nDE 81383737<\/p>\n<p>&nbsp;<\/p>\n<p>Umsatzsteuer-Identifikationsnummer gem\u00e4\u00df \u00a7 27 a Umsatzsteuergesetz:<br \/>\nDE 29 42 58 940<\/p>\n<p>&nbsp;<\/p>\n<p>Registrierungsnummer gem\u00e4\u00df \u00a7 9 VerpackG:<br \/>\nDE3178805566867<\/p>\n<p>&nbsp;<\/p>\n<p>\u201esilence lights.\u201c ist eine eingetragene Marke.<\/p>\n<p>&nbsp;<\/p>\n<p>Haftungshinweis:<br \/>\nTrotz sorgf\u00e4ltiger inhaltlicher Kontrolle \u00fcbernehmen wir keine Haftung f\u00fcr die Inhalte externer Links.<br \/>\nF\u00fcr den Inhalt der verlinkten Seiten sind ausschlie\u00dflich deren Betreiber verantwortlich.[\/vc_column_text][\/vc_column][\/vc_row]<\/p>\n<\/div>","protected":false},"excerpt":{"rendered":"<p>[vc_row css_animation=&#8220;&#8220; row_type=&#8220;row&#8220; use_row_as_full_screen_section=&#8220;no&#8220; type=&#8220;grid&#8220; angled_section=&#8220;no&#8220; text_align=&#8220;left&#8220; background_image_as_pattern=&#8220;without_pattern&#8220; z_index=&#8220;&#8220; css=&#8220;.vc_custom_1550241996942{margin-top: 2em !important;margin-bottom: 2em !important;}&#8220;][vc_column][vc_column_text] Impressum [\/vc_column_text][vc_empty_space][vc_column_text]silence lights.\u00ae GmbH Landwehr 8 64823 Gro\u00df-Umstadt Telefon: +49 (6078) 93800 0 Telefax: +49 (6078) 93800 29 E-Mail:\u00a0info@silence-lights.de Internet:\u00a0www.silence-lights.de &nbsp; Gesch\u00e4ftsf\u00fchrer: Ren\u00e9 Haschert und Andreas Jakob &nbsp; Handelsregistereintrag: Amtsgericht Darmstadt&#8230;<\/p>\n","protected":false},"author":1,"featured_media":0,"parent":0,"menu_order":0,"comment_status":"closed","ping_status":"closed","template":"full_width.php","meta":{"footnotes":""},"class_list":["post-91","page","type-page","status-publish","hentry"],"yoast_head":"<!-- This site is optimized with the Yoast SEO plugin v27.5 - https:\/\/yoast.com\/product\/yoast-seo-wordpress\/ -->\n<title>Impressum - lights ON! \ud83d\udd06 Das hellste Weltrekord-Event<\/title>\n<meta name=\"robots\" content=\"index, follow, max-snippet:-1, max-image-preview:large, max-video-preview:-1\" \/>\n<link rel=\"canonical\" href=\"https:\/\/hellste-led-lampe-der-welt.de\/index.php\/impressum\/\" \/>\n<meta property=\"og:locale\" content=\"de_DE\" \/>\n<meta property=\"og:type\" content=\"article\" \/>\n<meta property=\"og:title\" content=\"Impressum - lights ON! \ud83d\udd06 Das hellste Weltrekord-Event\" \/>\n<meta property=\"og:description\" content=\"[vc_row css_animation=&#8220;&#8220; row_type=&#8220;row&#8220; use_row_as_full_screen_section=&#8220;no&#8220; type=&#8220;grid&#8220; angled_section=&#8220;no&#8220; text_align=&#8220;left&#8220; background_image_as_pattern=&#8220;without_pattern&#8220; z_index=&#8220;&#8220; css=&#8220;.vc_custom_1550241996942{margin-top: 2em !important;margin-bottom: 2em !important;}&#8220;][vc_column][vc_column_text] Impressum [\/vc_column_text][vc_empty_space][vc_column_text]silence lights.\u00ae GmbH Landwehr 8 64823 Gro\u00df-Umstadt Telefon: +49 (6078) 93800 0 Telefax: +49 (6078) 93800 29 E-Mail:\u00a0info@silence-lights.de Internet:\u00a0www.silence-lights.de &nbsp; Gesch\u00e4ftsf\u00fchrer: Ren\u00e9 Haschert und Andreas Jakob &nbsp; Handelsregistereintrag: Amtsgericht Darmstadt...\" \/>\n<meta property=\"og:url\" content=\"https:\/\/hellste-led-lampe-der-welt.de\/index.php\/impressum\/\" \/>\n<meta property=\"og:site_name\" content=\"lights ON! \ud83d\udd06 Das hellste Weltrekord-Event\" \/>\n<meta property=\"article:modified_time\" content=\"2019-07-30T09:05:32+00:00\" \/>\n<meta name=\"twitter:card\" content=\"summary_large_image\" \/>\n<meta name=\"twitter:label1\" content=\"Gesch\u00e4tzte Lesezeit\" \/>\n\t<meta name=\"twitter:data1\" content=\"1\u00a0Minute\" \/>\n<script type=\"application\/ld+json\" class=\"yoast-schema-graph\">{\"@context\":\"https:\\\/\\\/schema.org\",\"@graph\":[{\"@type\":\"WebPage\",\"@id\":\"https:\\\/\\\/hellste-led-lampe-der-welt.de\\\/index.php\\\/impressum\\\/\",\"url\":\"https:\\\/\\\/hellste-led-lampe-der-welt.de\\\/index.php\\\/impressum\\\/\",\"name\":\"Impressum - lights ON! \ud83d\udd06 Das hellste Weltrekord-Event\",\"isPartOf\":{\"@id\":\"https:\\\/\\\/hellste-led-lampe-der-welt.de\\\/#website\"},\"datePublished\":\"2019-06-14T12:12:20+00:00\",\"dateModified\":\"2019-07-30T09:05:32+00:00\",\"breadcrumb\":{\"@id\":\"https:\\\/\\\/hellste-led-lampe-der-welt.de\\\/index.php\\\/impressum\\\/#breadcrumb\"},\"inLanguage\":\"de\",\"potentialAction\":[{\"@type\":\"ReadAction\",\"target\":[\"https:\\\/\\\/hellste-led-lampe-der-welt.de\\\/index.php\\\/impressum\\\/\"]}]},{\"@type\":\"BreadcrumbList\",\"@id\":\"https:\\\/\\\/hellste-led-lampe-der-welt.de\\\/index.php\\\/impressum\\\/#breadcrumb\",\"itemListElement\":[{\"@type\":\"ListItem\",\"position\":1,\"name\":\"Startseite\",\"item\":\"https:\\\/\\\/hellste-led-lampe-der-welt.de\\\/\"},{\"@type\":\"ListItem\",\"position\":2,\"name\":\"Impressum\"}]},{\"@type\":\"WebSite\",\"@id\":\"https:\\\/\\\/hellste-led-lampe-der-welt.de\\\/#website\",\"url\":\"https:\\\/\\\/hellste-led-lampe-der-welt.de\\\/\",\"name\":\"lights ON! \ud83d\udd06\",\"description\":\"Die hellste LED Lampe der Welt\",\"publisher\":{\"@id\":\"https:\\\/\\\/hellste-led-lampe-der-welt.de\\\/#organization\"},\"potentialAction\":[{\"@type\":\"SearchAction\",\"target\":{\"@type\":\"EntryPoint\",\"urlTemplate\":\"https:\\\/\\\/hellste-led-lampe-der-welt.de\\\/?s={search_term_string}\"},\"query-input\":{\"@type\":\"PropertyValueSpecification\",\"valueRequired\":true,\"valueName\":\"search_term_string\"}}],\"inLanguage\":\"de\"},{\"@type\":\"Organization\",\"@id\":\"https:\\\/\\\/hellste-led-lampe-der-welt.de\\\/#organization\",\"name\":\"lights ON! \ud83d\udd06\",\"url\":\"https:\\\/\\\/hellste-led-lampe-der-welt.de\\\/\",\"logo\":{\"@type\":\"ImageObject\",\"inLanguage\":\"de\",\"@id\":\"https:\\\/\\\/hellste-led-lampe-der-welt.de\\\/#\\\/schema\\\/logo\\\/image\\\/\",\"url\":\"https:\\\/\\\/hellste-led-lampe-der-welt.de\\\/wp-content\\\/uploads\\\/2019\\\/07\\\/logo_sl.png\",\"contentUrl\":\"https:\\\/\\\/hellste-led-lampe-der-welt.de\\\/wp-content\\\/uploads\\\/2019\\\/07\\\/logo_sl.png\",\"width\":540,\"height\":205,\"caption\":\"lights ON! \ud83d\udd06\"},\"image\":{\"@id\":\"https:\\\/\\\/hellste-led-lampe-der-welt.de\\\/#\\\/schema\\\/logo\\\/image\\\/\"}}]}<\/script>\n<!-- \/ Yoast SEO plugin. -->","yoast_head_json":{"title":"Impressum - lights ON! \ud83d\udd06 Das hellste Weltrekord-Event","robots":{"index":"index","follow":"follow","max-snippet":"max-snippet:-1","max-image-preview":"max-image-preview:large","max-video-preview":"max-video-preview:-1"},"canonical":"https:\/\/hellste-led-lampe-der-welt.de\/index.php\/impressum\/","og_locale":"de_DE","og_type":"article","og_title":"Impressum - lights ON! \ud83d\udd06 Das hellste Weltrekord-Event","og_description":"[vc_row css_animation=&#8220;&#8220; row_type=&#8220;row&#8220; use_row_as_full_screen_section=&#8220;no&#8220; type=&#8220;grid&#8220; angled_section=&#8220;no&#8220; text_align=&#8220;left&#8220; background_image_as_pattern=&#8220;without_pattern&#8220; z_index=&#8220;&#8220; css=&#8220;.vc_custom_1550241996942{margin-top: 2em !important;margin-bottom: 2em !important;}&#8220;][vc_column][vc_column_text] Impressum [\/vc_column_text][vc_empty_space][vc_column_text]silence lights.\u00ae GmbH Landwehr 8 64823 Gro\u00df-Umstadt Telefon: +49 (6078) 93800 0 Telefax: +49 (6078) 93800 29 E-Mail:\u00a0info@silence-lights.de Internet:\u00a0www.silence-lights.de &nbsp; Gesch\u00e4ftsf\u00fchrer: Ren\u00e9 Haschert und Andreas Jakob &nbsp; Handelsregistereintrag: Amtsgericht Darmstadt...","og_url":"https:\/\/hellste-led-lampe-der-welt.de\/index.php\/impressum\/","og_site_name":"lights ON! \ud83d\udd06 Das hellste Weltrekord-Event","article_modified_time":"2019-07-30T09:05:32+00:00","twitter_card":"summary_large_image","twitter_misc":{"Gesch\u00e4tzte Lesezeit":"1\u00a0Minute"},"schema":{"@context":"https:\/\/schema.org","@graph":[{"@type":"WebPage","@id":"https:\/\/hellste-led-lampe-der-welt.de\/index.php\/impressum\/","url":"https:\/\/hellste-led-lampe-der-welt.de\/index.php\/impressum\/","name":"Impressum - lights ON! \ud83d\udd06 Das hellste Weltrekord-Event","isPartOf":{"@id":"https:\/\/hellste-led-lampe-der-welt.de\/#website"},"datePublished":"2019-06-14T12:12:20+00:00","dateModified":"2019-07-30T09:05:32+00:00","breadcrumb":{"@id":"https:\/\/hellste-led-lampe-der-welt.de\/index.php\/impressum\/#breadcrumb"},"inLanguage":"de","potentialAction":[{"@type":"ReadAction","target":["https:\/\/hellste-led-lampe-der-welt.de\/index.php\/impressum\/"]}]},{"@type":"BreadcrumbList","@id":"https:\/\/hellste-led-lampe-der-welt.de\/index.php\/impressum\/#breadcrumb","itemListElement":[{"@type":"ListItem","position":1,"name":"Startseite","item":"https:\/\/hellste-led-lampe-der-welt.de\/"},{"@type":"ListItem","position":2,"name":"Impressum"}]},{"@type":"WebSite","@id":"https:\/\/hellste-led-lampe-der-welt.de\/#website","url":"https:\/\/hellste-led-lampe-der-welt.de\/","name":"lights ON! \ud83d\udd06","description":"Die hellste LED Lampe der Welt","publisher":{"@id":"https:\/\/hellste-led-lampe-der-welt.de\/#organization"},"potentialAction":[{"@type":"SearchAction","target":{"@type":"EntryPoint","urlTemplate":"https:\/\/hellste-led-lampe-der-welt.de\/?s={search_term_string}"},"query-input":{"@type":"PropertyValueSpecification","valueRequired":true,"valueName":"search_term_string"}}],"inLanguage":"de"},{"@type":"Organization","@id":"https:\/\/hellste-led-lampe-der-welt.de\/#organization","name":"lights ON! \ud83d\udd06","url":"https:\/\/hellste-led-lampe-der-welt.de\/","logo":{"@type":"ImageObject","inLanguage":"de","@id":"https:\/\/hellste-led-lampe-der-welt.de\/#\/schema\/logo\/image\/","url":"https:\/\/hellste-led-lampe-der-welt.de\/wp-content\/uploads\/2019\/07\/logo_sl.png","contentUrl":"https:\/\/hellste-led-lampe-der-welt.de\/wp-content\/uploads\/2019\/07\/logo_sl.png","width":540,"height":205,"caption":"lights ON! \ud83d\udd06"},"image":{"@id":"https:\/\/hellste-led-lampe-der-welt.de\/#\/schema\/logo\/image\/"}}]}},"_links":{"self":[{"href":"https:\/\/hellste-led-lampe-der-welt.de\/index.php\/wp-json\/wp\/v2\/pages\/91","targetHints":{"allow":["GET"]}}],"collection":[{"href":"https:\/\/hellste-led-lampe-der-welt.de\/index.php\/wp-json\/wp\/v2\/pages"}],"about":[{"href":"https:\/\/hellste-led-lampe-der-welt.de\/index.php\/wp-json\/wp\/v2\/types\/page"}],"author":[{"embeddable":true,"href":"https:\/\/hellste-led-lampe-der-welt.de\/index.php\/wp-json\/wp\/v2\/users\/1"}],"replies":[{"embeddable":true,"href":"https:\/\/hellste-led-lampe-der-welt.de\/index.php\/wp-json\/wp\/v2\/comments?post=91"}],"version-history":[{"count":2,"href":"https:\/\/hellste-led-lampe-der-welt.de\/index.php\/wp-json\/wp\/v2\/pages\/91\/revisions"}],"predecessor-version":[{"id":160,"href":"https:\/\/hellste-led-lampe-der-welt.de\/index.php\/wp-json\/wp\/v2\/pages\/91\/revisions\/160"}],"wp:attachment":[{"href":"https:\/\/hellste-led-lampe-der-welt.de\/index.php\/wp-json\/wp\/v2\/media?parent=91"}],"curies":[{"name":"wp","href":"https:\/\/api.w.org\/{rel}","templated":true}]}}